{"id":1358,"date":"2021-12-06T18:15:08","date_gmt":"2021-12-06T18:15:08","guid":{"rendered":"https:\/\/inova.ee\/home\/"},"modified":"2024-11-17T08:53:39","modified_gmt":"2024-11-17T08:53:39","slug":"home","status":"publish","type":"page","link":"https:\/\/inova.ee\/fi\/","title":{"rendered":"Etusivu"},"content":{"rendered":"<section class=\"l-section wpb_row height_auto\"><div class=\"l-section-h i-cf\"><div class=\"g-cols vc_row via_grid cols_1 laptops-cols_inherit tablets-cols_inherit mobiles-cols_1 valign_top type_default stacking_default\" style=\"--gap:0px;\"><div class=\"wpb_column vc_column_container\"><div class=\"vc_column-inner\"><div class=\"g-cols wpb_row us_custom_b888919e via_grid cols_3-2 laptops-cols_inherit tablets-cols_1 mobiles-cols_1 valign_bottom type_default stacking_default\" style=\"--gap:20px;\"><div class=\"wpb_column vc_column_container us_custom_6bce79c4\"><div class=\"vc_column-inner\"><h1 class=\"w-text us_custom_67cecdea us_animate_this\"><span class=\"w-text-h\"><span class=\"w-text-value\">Kirjanpitopalvelut Virossa ja Suomessa toimiville yrityksille<\/span><\/span><\/h1><div class=\"w-separator size_small\"><\/div><div class=\"w-text us_custom_d1082fd0 has_text_color us_animate_this\"><span class=\"w-text-h\"><span class=\"w-text-value\">Svetlana Sominski<\/span><\/span><\/div><div class=\"w-hwrapper us_custom_af6a9b6a valign_top wrap align_none\" style=\"--hwrapper-gap:2rem\"><div class=\"w-iconbox us_custom_e8de999e us_animate_this iconpos_left style_circle color_primary align_left\"><div class=\"w-iconbox-icon\" style=\"font-size:30px;\"><i class=\"fas fa-phone\"><\/i><\/div><div class=\"w-iconbox-meta\"><h6 class=\"w-iconbox-title\" style=\"font-size:27px;\">GSM<\/h6><div class=\"w-iconbox-text\"><p><a href=\"tel:+37258052652\">+372 <strong>5805 2652<\/strong><\/a><\/p>\n<\/div><\/div><\/div><div class=\"w-iconbox us_custom_1a3e88ca us_animate_this iconpos_left style_circle color_primary align_left\"><div class=\"w-iconbox-icon\" style=\"font-size:30px;\"><i class=\"fas fa-envelope\"><\/i><\/div><div class=\"w-iconbox-meta\"><h6 class=\"w-iconbox-title\" style=\"font-size:27px;\">S\u00e4hk\u00f6posti<\/h6><div class=\"w-iconbox-text\"><p><a href=\"mailto:office@inova.ee\">office@<strong>inova.ee<\/strong><\/a><\/p>\n<\/div><\/div><\/div><\/div><div class=\"w-separator size_small\"><\/div><\/div><\/div><div class=\"wpb_column vc_column_container us_custom_75bf4b33\"><div class=\"vc_column-inner\"><div class=\"w-image us_custom_a0af0e65 align_none\"><div class=\"w-image-h\"><img loading=\"lazy\" decoding=\"async\" width=\"800\" height=\"961\" src=\"https:\/\/inova.ee\/wp-content\/uploads\/2024\/11\/raamatupidamine-svetlana-sominski.webp\" class=\"attachment-full size-full\" alt=\"Raamatupidamine Eestis ja Soomes -\" srcset=\"https:\/\/inova.ee\/wp-content\/uploads\/2024\/11\/raamatupidamine-svetlana-sominski.webp 800w, https:\/\/inova.ee\/wp-content\/uploads\/2024\/11\/raamatupidamine-svetlana-sominski-250x300.webp 250w\" sizes=\"auto, (max-width: 800px) 100vw, 800px\" \/><\/div><\/div><\/div><\/div><\/div><\/div><\/div><\/div><\/div><\/section><section class=\"l-section wpb_row us_custom_3188818e height_auto\" id=\"palvelut\"><div class=\"l-section-h i-cf\"><div class=\"g-cols vc_row via_grid cols_2 laptops-cols_inherit tablets-cols_2 mobiles-cols_1 valign_top type_default stacking_default\" style=\"--gap:20px;\"><div class=\"wpb_column vc_column_container us_custom_34f2fc8a us_animate_this has_bg_color\"><div class=\"vc_column-inner\"><div class=\"w-iconbox iconpos_left style_default color_primary align_left no_text icontype_img\"><div class=\"w-iconbox-icon\" style=\"font-size:90px;\"><svg xmlns=\"http:\/\/www.w3.org\/2000\/svg\" viewBox=\"0 0 1800 1100\"><path fill=\"#fff\" d=\"M0 0h1800v1100H0z\"\/><path fill=\"#003580\" d=\"M0 400h1800v300H0z\"\/><path fill=\"#003580\" d=\"M500 0h300v1100H500z\"\/><\/svg><\/div><div class=\"w-iconbox-meta\"><h2 class=\"w-iconbox-title\">Kirjanpitopalvelut Suomessa<\/h2><\/div><\/div><div class=\"w-separator size_small\"><\/div><h3 class=\"w-text us_custom_87985005 has_text_color\"><span class=\"w-text-h\"><span class=\"w-text-value\">Tarjoamme kirjanpitoa Suomessa toimiville yrityksille<\/span><\/span><\/h3><div class=\"wpb_text_column\"><div class=\"wpb_wrapper\"><p>Tarjoamme kirjanpitoa Suomessa toimiville yrityksille. Kirjanpito sis\u00e4lt\u00e4\u00e4 yritysten p\u00e4ivitt\u00e4isen kirjanpidon hoitamisen, suoritamme yrityksesi palkanlaskennan, arvonlis\u00e4veron laskennan ja mahdolliset muut ty\u00f6t.<\/p>\n<\/div><\/div><div class=\"w-separator size_small\"><\/div><div class=\"w-hwrapper valign_top align_right\" style=\"--hwrapper-gap:0.8rem\"><div class=\"w-btn-wrapper align_none\"><a class=\"w-btn us-btn-style_6\" href=\"#yhteystiedot\"><span class=\"w-btn-label\">Hintapyynt\u00f6<\/span><\/a><\/div><div class=\"w-btn-wrapper align_none\"><a class=\"w-btn us-btn-style_1 icon_atright\" href=\"\/fi\/kirjanpitopalvelut-suomessa\/\"><span class=\"w-btn-label\">Tutustu<\/span><i class=\"fal fa-arrow-right\"><\/i><\/a><\/div><\/div><\/div><\/div><div class=\"wpb_column vc_column_container us_custom_de302f40 us_animate_this\"><div class=\"vc_column-inner\"><div class=\"w-hwrapper valign_middle align_center\" style=\"--hwrapper-gap:0.5rem\"><div class=\"w-image align_center\"><a target=\"_blank\" rel=\"nofollow\" href=\"\/wp-content\/uploads\/2024\/06\/eeet2024.pdf\" aria-label=\"Menestyv\u00e4 Virolainen Yritys 2024\" class=\"w-image-h\"><img loading=\"lazy\" decoding=\"async\" width=\"800\" height=\"1131\" src=\"https:\/\/inova.ee\/wp-content\/uploads\/2024\/06\/eeet2024_fi.jpg\" class=\"attachment-full size-full\" alt=\"Menestyv\u00e4 Virolainen Yritys 2024\" srcset=\"https:\/\/inova.ee\/wp-content\/uploads\/2024\/06\/eeet2024_fi.jpg 800w, https:\/\/inova.ee\/wp-content\/uploads\/2024\/06\/eeet2024_fi-212x300.jpg 212w, https:\/\/inova.ee\/wp-content\/uploads\/2024\/06\/eeet2024_fi-724x1024.jpg 724w\" sizes=\"auto, (max-width: 800px) 100vw, 800px\" \/><\/a><\/div><div class=\"w-image align_center\"><a target=\"_blank\" rel=\"nofollow\" href=\"https:\/\/www.evul.ee\/liikmed\/en\/14396384-INOVA-EESTI-OU\/certificate\" aria-label=\"EVUL\" class=\"w-image-h\"><img loading=\"lazy\" decoding=\"async\" width=\"783\" height=\"1128\" src=\"https:\/\/inova.ee\/wp-content\/uploads\/2024\/02\/evul-certificate.jpg\" class=\"attachment-full size-full\" alt=\"EVUL\" srcset=\"https:\/\/inova.ee\/wp-content\/uploads\/2024\/02\/evul-certificate.jpg 783w, https:\/\/inova.ee\/wp-content\/uploads\/2024\/02\/evul-certificate-208x300.jpg 208w, https:\/\/inova.ee\/wp-content\/uploads\/2024\/02\/evul-certificate-711x1024.jpg 711w\" sizes=\"auto, (max-width: 783px) 100vw, 783px\" \/><\/a><\/div><\/div><\/div><\/div><\/div><\/div><\/section><section class=\"l-section wpb_row us_custom_e11ab399 height_custom\" id=\"meista\"><div class=\"l-section-h i-cf\"><div class=\"g-cols vc_row via_grid cols_2 laptops-cols_inherit tablets-cols_inherit mobiles-cols_1 valign_middle type_default stacking_default\" style=\"--gap:40px;\"><div class=\"wpb_column vc_column_container us_custom_3fa2742b us_animate_this\"><div class=\"vc_column-inner\"><div class=\"w-image us_custom_213e151c align_none\"><div class=\"w-image-h\"><img loading=\"lazy\" decoding=\"async\" width=\"1000\" height=\"807\" src=\"https:\/\/inova.ee\/wp-content\/uploads\/2022\/08\/Raamatupidamine.png\" class=\"attachment-full size-full\" alt=\"\" srcset=\"https:\/\/inova.ee\/wp-content\/uploads\/2022\/08\/Raamatupidamine.png 1000w, https:\/\/inova.ee\/wp-content\/uploads\/2022\/08\/Raamatupidamine-300x242.png 300w\" sizes=\"auto, (max-width: 1000px) 100vw, 1000px\" \/><\/div><\/div><\/div><\/div><div class=\"wpb_column vc_column_container us_custom_4fcab78b us_animate_this\"><div class=\"vc_column-inner\"><h3 class=\"w-text us_custom_87985005 has_text_color\"><span class=\"w-text-h\"><span class=\"w-text-value\">Osakeyhti\u00f6n INOVVA FI p\u00e4\u00e4tavoitteena on tukea yritysten liiketoimintaa asiantuntijapalveluilla<\/span><\/span><\/h3><div class=\"w-separator size_small\"><\/div><div class=\"wpb_text_column us_custom_73619303\"><div class=\"wpb_wrapper\"><p>Tarjoamme sinulle apua yrityksen perustamisessa, ty\u00f6ntekij\u00f6iden etsinn\u00e4ss\u00e4, tarjoamme palveluita henkil\u00f6st\u00f6johtamisen alalla, suoritamme kirjanpidon yritykselle, voimme auttaa sinua erilaisissa p\u00e4ivitt\u00e4isiss\u00e4 toimissa.<\/p>\n<\/div><\/div><\/div><\/div><\/div><\/div><\/section><section class=\"l-section wpb_row height_medium\"><div class=\"l-section-h i-cf\"><div class=\"g-cols vc_row via_grid cols_3 laptops-cols_inherit tablets-cols_inherit mobiles-cols_1 valign_top type_default stacking_default\"><div class=\"wpb_column vc_column_container us_custom_6eef1e9e us_animate_this\"><div class=\"vc_column-inner\"><div class=\"w-iconbox us_custom_a633a40c iconpos_top style_default color_primary align_center no_title\"><div class=\"w-iconbox-icon\" style=\"font-size:2.5rem;\"><i class=\"fas fa-shield-check\"><\/i><\/div><div class=\"w-iconbox-meta\"><div class=\"w-iconbox-text\"><div style=\"padding-top: 15px;\">Visiomme on tarjota asiakkaalle laadukkaita palveluja.<\/div>\n<\/div><\/div><\/div><\/div><\/div><div class=\"wpb_column vc_column_container us_custom_1fb8b2dc us_animate_this\"><div class=\"vc_column-inner\"><div class=\"w-iconbox us_custom_a633a40c iconpos_top style_default color_primary align_center no_title\"><div class=\"w-iconbox-icon\" style=\"font-size:2.5rem;\"><i class=\"fas fa-shield-check\"><\/i><\/div><div class=\"w-iconbox-meta\"><div class=\"w-iconbox-text\"><div style=\"padding-top: 15px;\">Arvostamme pitk\u00e4aikaisia yhteisty\u00f6suhteita ja olemme vastuussa omista toimistamme.<\/div>\n<\/div><\/div><\/div><\/div><\/div><div class=\"wpb_column vc_column_container us_custom_865ad4dd us_animate_this\"><div class=\"vc_column-inner\"><div class=\"w-iconbox us_custom_a633a40c iconpos_top style_default color_primary align_center no_title\"><div class=\"w-iconbox-icon\" style=\"font-size:2.5rem;\"><i class=\"fas fa-shield-check\"><\/i><\/div><div class=\"w-iconbox-meta\"><div class=\"w-iconbox-text\"><div style=\"padding-top: 15px;\">Meill\u00e4 on kokenut ja ammattitaitoinen henkil\u00f6kunta.<\/div>\n<\/div><\/div><\/div><\/div><\/div><\/div><\/div><\/section>\n","protected":false},"excerpt":{"rendered":"Kirjanpitopalvelut Virossa ja Suomessa toimiville yrityksilleSvetlana SominskiGSM+372 5805 2652 S\u00e4hk\u00f6postioffice@inova.ee Kirjanpitopalvelut SuomessaTarjoamme kirjanpitoa Suomessa toimiville yrityksilleTarjoamme kirjanpitoa Suomessa toimiville yrityksille. Kirjanpito sis\u00e4lt\u00e4\u00e4 yritysten p\u00e4ivitt\u00e4isen kirjanpidon hoitamisen, suoritamme yrityksesi palkanlaskennan, arvonlis\u00e4veron laskennan ja mahdolliset muut ty\u00f6t. Hintapyynt\u00f6TutustuOsakeyhti\u00f6n INOVVA FI p\u00e4\u00e4tavoitteena on tukea yritysten liiketoimintaa asiantuntijapalveluillaTarjoamme sinulle apua yrityksen perustamisessa, ty\u00f6ntekij\u00f6iden etsinn\u00e4ss\u00e4, tarjoamme palveluita henkil\u00f6st\u00f6johtamisen alalla, suoritamme...","protected":false},"author":1,"featured_media":1237,"parent":0,"menu_order":0,"comment_status":"closed","ping_status":"closed","template":"","meta":{"footnotes":""},"class_list":["post-1358","page","type-page","status-publish","has-post-thumbnail","hentry"],"yoast_head":"<!-- This site is optimized with the Yoast SEO plugin v23.9 - https:\/\/yoast.com\/wordpress\/plugins\/seo\/ -->\n<title>Kirjanpitopalvelut Virossa ja Suomessa toimiville yrityksille<\/title>\n<meta name=\"description\" content=\"Teostame raamatupidamist Soomes tegutsevatele \u00e4ri\u00fchingutele. Raamatupidamine sisaldab endas igap\u00e4evast raamatupidamise korraldamist nii Eesti\" \/>\n<meta name=\"robots\" content=\"index, follow, max-snippet:-1, max-image-preview:large, max-video-preview:-1\" \/>\n<link rel=\"canonical\" href=\"https:\/\/inova.ee\/fi\/\" \/>\n<meta property=\"og:locale\" content=\"fi_FI\" \/>\n<meta property=\"og:type\" content=\"article\" \/>\n<meta property=\"og:title\" content=\"Kirjanpitopalvelut Virossa ja Suomessa toimiville yrityksille\" \/>\n<meta property=\"og:description\" content=\"Teostame raamatupidamist Soomes tegutsevatele \u00e4ri\u00fchingutele. Raamatupidamine sisaldab endas igap\u00e4evast raamatupidamise korraldamist nii Eesti\" \/>\n<meta property=\"og:url\" content=\"https:\/\/inova.ee\/fi\/\" \/>\n<meta property=\"og:site_name\" content=\"Inova\" \/>\n<meta property=\"article:publisher\" content=\"https:\/\/www.facebook.com\/inova.ee\/\" \/>\n<meta property=\"article:modified_time\" content=\"2024-11-17T08:53:39+00:00\" \/>\n<meta property=\"og:image\" content=\"https:\/\/inova.ee\/wp-content\/uploads\/2022\/08\/Raamatupidamine-Svetlana-Marinova.png\" \/>\n\t<meta property=\"og:image:width\" content=\"893\" \/>\n\t<meta property=\"og:image:height\" content=\"1031\" \/>\n\t<meta property=\"og:image:type\" content=\"image\/png\" \/>\n<meta name=\"twitter:card\" content=\"summary_large_image\" \/>\n<meta name=\"twitter:label1\" content=\"Arvioitu lukuaika\" \/>\n\t<meta name=\"twitter:data1\" content=\"3 minuuttia\" \/>\n<script type=\"application\/ld+json\" class=\"yoast-schema-graph\">{\"@context\":\"https:\/\/schema.org\",\"@graph\":[{\"@type\":\"WebPage\",\"@id\":\"https:\/\/inova.ee\/fi\/\",\"url\":\"https:\/\/inova.ee\/fi\/\",\"name\":\"Kirjanpitopalvelut Virossa ja Suomessa toimiville yrityksille\",\"isPartOf\":{\"@id\":\"https:\/\/inova.ee\/#website\"},\"primaryImageOfPage\":{\"@id\":\"https:\/\/inova.ee\/fi\/#primaryimage\"},\"image\":{\"@id\":\"https:\/\/inova.ee\/fi\/#primaryimage\"},\"thumbnailUrl\":\"https:\/\/inova.ee\/wp-content\/uploads\/2022\/08\/Raamatupidamine-Svetlana-Marinova.png\",\"datePublished\":\"2021-12-06T18:15:08+00:00\",\"dateModified\":\"2024-11-17T08:53:39+00:00\",\"description\":\"Teostame raamatupidamist Soomes tegutsevatele \u00e4ri\u00fchingutele. Raamatupidamine sisaldab endas igap\u00e4evast raamatupidamise korraldamist nii Eesti\",\"breadcrumb\":{\"@id\":\"https:\/\/inova.ee\/fi\/#breadcrumb\"},\"inLanguage\":\"fi\",\"potentialAction\":[{\"@type\":\"ReadAction\",\"target\":[\"https:\/\/inova.ee\/fi\/\"]}]},{\"@type\":\"ImageObject\",\"inLanguage\":\"fi\",\"@id\":\"https:\/\/inova.ee\/fi\/#primaryimage\",\"url\":\"https:\/\/inova.ee\/wp-content\/uploads\/2022\/08\/Raamatupidamine-Svetlana-Marinova.png\",\"contentUrl\":\"https:\/\/inova.ee\/wp-content\/uploads\/2022\/08\/Raamatupidamine-Svetlana-Marinova.png\",\"width\":893,\"height\":1031},{\"@type\":\"BreadcrumbList\",\"@id\":\"https:\/\/inova.ee\/fi\/#breadcrumb\",\"itemListElement\":[{\"@type\":\"ListItem\",\"position\":1,\"name\":\"Home\",\"item\":\"https:\/\/inova.ee\/fi\/\"},{\"@type\":\"ListItem\",\"position\":2,\"name\":\"Etusivu\"}]},{\"@type\":\"WebSite\",\"@id\":\"https:\/\/inova.ee\/#website\",\"url\":\"https:\/\/inova.ee\/\",\"name\":\"Inova\",\"description\":\"\",\"publisher\":{\"@id\":\"https:\/\/inova.ee\/#organization\"},\"potentialAction\":[{\"@type\":\"SearchAction\",\"target\":{\"@type\":\"EntryPoint\",\"urlTemplate\":\"https:\/\/inova.ee\/?s={search_term_string}\"},\"query-input\":{\"@type\":\"PropertyValueSpecification\",\"valueRequired\":true,\"valueName\":\"search_term_string\"}}],\"inLanguage\":\"fi\"},{\"@type\":\"Organization\",\"@id\":\"https:\/\/inova.ee\/#organization\",\"name\":\"INOVA EESTI O\u00dc\",\"url\":\"https:\/\/inova.ee\/\",\"logo\":{\"@type\":\"ImageObject\",\"inLanguage\":\"fi\",\"@id\":\"https:\/\/inova.ee\/#\/schema\/logo\/image\/\",\"url\":\"https:\/\/inova.ee\/wp-content\/uploads\/2022\/08\/inova.svg\",\"contentUrl\":\"https:\/\/inova.ee\/wp-content\/uploads\/2022\/08\/inova.svg\",\"width\":\"1024\",\"height\":\"1024\",\"caption\":\"INOVA EESTI O\u00dc\"},\"image\":{\"@id\":\"https:\/\/inova.ee\/#\/schema\/logo\/image\/\"},\"sameAs\":[\"https:\/\/www.facebook.com\/inova.ee\/\"]}]}<\/script>\n<!-- \/ Yoast SEO plugin. -->","yoast_head_json":{"title":"Kirjanpitopalvelut Virossa ja Suomessa toimiville yrityksille","description":"Teostame raamatupidamist Soomes tegutsevatele \u00e4ri\u00fchingutele. Raamatupidamine sisaldab endas igap\u00e4evast raamatupidamise korraldamist nii Eesti","robots":{"index":"index","follow":"follow","max-snippet":"max-snippet:-1","max-image-preview":"max-image-preview:large","max-video-preview":"max-video-preview:-1"},"canonical":"https:\/\/inova.ee\/fi\/","og_locale":"fi_FI","og_type":"article","og_title":"Kirjanpitopalvelut Virossa ja Suomessa toimiville yrityksille","og_description":"Teostame raamatupidamist Soomes tegutsevatele \u00e4ri\u00fchingutele. Raamatupidamine sisaldab endas igap\u00e4evast raamatupidamise korraldamist nii Eesti","og_url":"https:\/\/inova.ee\/fi\/","og_site_name":"Inova","article_publisher":"https:\/\/www.facebook.com\/inova.ee\/","article_modified_time":"2024-11-17T08:53:39+00:00","og_image":[{"width":893,"height":1031,"url":"https:\/\/inova.ee\/wp-content\/uploads\/2022\/08\/Raamatupidamine-Svetlana-Marinova.png","type":"image\/png"}],"twitter_card":"summary_large_image","twitter_misc":{"Arvioitu lukuaika":"3 minuuttia"},"schema":{"@context":"https:\/\/schema.org","@graph":[{"@type":"WebPage","@id":"https:\/\/inova.ee\/fi\/","url":"https:\/\/inova.ee\/fi\/","name":"Kirjanpitopalvelut Virossa ja Suomessa toimiville yrityksille","isPartOf":{"@id":"https:\/\/inova.ee\/#website"},"primaryImageOfPage":{"@id":"https:\/\/inova.ee\/fi\/#primaryimage"},"image":{"@id":"https:\/\/inova.ee\/fi\/#primaryimage"},"thumbnailUrl":"https:\/\/inova.ee\/wp-content\/uploads\/2022\/08\/Raamatupidamine-Svetlana-Marinova.png","datePublished":"2021-12-06T18:15:08+00:00","dateModified":"2024-11-17T08:53:39+00:00","description":"Teostame raamatupidamist Soomes tegutsevatele \u00e4ri\u00fchingutele. Raamatupidamine sisaldab endas igap\u00e4evast raamatupidamise korraldamist nii Eesti","breadcrumb":{"@id":"https:\/\/inova.ee\/fi\/#breadcrumb"},"inLanguage":"fi","potentialAction":[{"@type":"ReadAction","target":["https:\/\/inova.ee\/fi\/"]}]},{"@type":"ImageObject","inLanguage":"fi","@id":"https:\/\/inova.ee\/fi\/#primaryimage","url":"https:\/\/inova.ee\/wp-content\/uploads\/2022\/08\/Raamatupidamine-Svetlana-Marinova.png","contentUrl":"https:\/\/inova.ee\/wp-content\/uploads\/2022\/08\/Raamatupidamine-Svetlana-Marinova.png","width":893,"height":1031},{"@type":"BreadcrumbList","@id":"https:\/\/inova.ee\/fi\/#breadcrumb","itemListElement":[{"@type":"ListItem","position":1,"name":"Home","item":"https:\/\/inova.ee\/fi\/"},{"@type":"ListItem","position":2,"name":"Etusivu"}]},{"@type":"WebSite","@id":"https:\/\/inova.ee\/#website","url":"https:\/\/inova.ee\/","name":"Inova","description":"","publisher":{"@id":"https:\/\/inova.ee\/#organization"},"potentialAction":[{"@type":"SearchAction","target":{"@type":"EntryPoint","urlTemplate":"https:\/\/inova.ee\/?s={search_term_string}"},"query-input":{"@type":"PropertyValueSpecification","valueRequired":true,"valueName":"search_term_string"}}],"inLanguage":"fi"},{"@type":"Organization","@id":"https:\/\/inova.ee\/#organization","name":"INOVA EESTI O\u00dc","url":"https:\/\/inova.ee\/","logo":{"@type":"ImageObject","inLanguage":"fi","@id":"https:\/\/inova.ee\/#\/schema\/logo\/image\/","url":"https:\/\/inova.ee\/wp-content\/uploads\/2022\/08\/inova.svg","contentUrl":"https:\/\/inova.ee\/wp-content\/uploads\/2022\/08\/inova.svg","width":"1024","height":"1024","caption":"INOVA EESTI O\u00dc"},"image":{"@id":"https:\/\/inova.ee\/#\/schema\/logo\/image\/"},"sameAs":["https:\/\/www.facebook.com\/inova.ee\/"]}]}},"_links":{"self":[{"href":"https:\/\/inova.ee\/fi\/wp-json\/wp\/v2\/pages\/1358","targetHints":{"allow":["GET"]}}],"collection":[{"href":"https:\/\/inova.ee\/fi\/wp-json\/wp\/v2\/pages"}],"about":[{"href":"https:\/\/inova.ee\/fi\/wp-json\/wp\/v2\/types\/page"}],"author":[{"embeddable":true,"href":"https:\/\/inova.ee\/fi\/wp-json\/wp\/v2\/users\/1"}],"replies":[{"embeddable":true,"href":"https:\/\/inova.ee\/fi\/wp-json\/wp\/v2\/comments?post=1358"}],"version-history":[{"count":12,"href":"https:\/\/inova.ee\/fi\/wp-json\/wp\/v2\/pages\/1358\/revisions"}],"predecessor-version":[{"id":1460,"href":"https:\/\/inova.ee\/fi\/wp-json\/wp\/v2\/pages\/1358\/revisions\/1460"}],"wp:featuredmedia":[{"embeddable":true,"href":"https:\/\/inova.ee\/fi\/wp-json\/wp\/v2\/media\/1237"}],"wp:attachment":[{"href":"https:\/\/inova.ee\/fi\/wp-json\/wp\/v2\/media?parent=1358"}],"curies":[{"name":"wp","href":"https:\/\/api.w.org\/{rel}","templated":true}]}}