{"id":1363,"date":"2022-08-20T06:47:13","date_gmt":"2022-08-20T06:47:13","guid":{"rendered":"https:\/\/inova.ee\/raamatupidamine-soomes\/"},"modified":"2023-05-19T09:43:27","modified_gmt":"2023-05-19T09:43:27","slug":"kirjanpitopalvelut-suomessa","status":"publish","type":"page","link":"https:\/\/inova.ee\/fi\/kirjanpitopalvelut-suomessa\/","title":{"rendered":"Kirjanpitopalvelut Suomessa"},"content":{"rendered":"<section class=\"l-section wpb_row height_custom with_img\"><div class=\"l-section-img\" role=\"img\" data-img-width=\"2000\" data-img-height=\"1333\" style=\"background-image: url(https:\/\/inova.ee\/wp-content\/uploads\/2022\/08\/Raamatupidamine-Soomes.jpg);background-repeat: no-repeat;\"><\/div><div class=\"l-section-overlay\" style=\"background:rgba(177,137,211,0.60)\"><\/div><div class=\"l-section-h i-cf\"><div class=\"g-cols vc_row via_grid cols_1 laptops-cols_inherit tablets-cols_inherit mobiles-cols_1 valign_top type_default stacking_default\" style=\"--gap:0px;\"><div class=\"wpb_column vc_column_container\"><div class=\"vc_column-inner\"><h1 class=\"w-text us_custom_6a3540a5 has_text_color us_animate_this\"><span class=\"w-text-h\"><span class=\"w-text-value\">Kirjanpitopalvelut Suomessa<\/span><\/span><\/h1><\/div><\/div><\/div><\/div><\/section><section class=\"l-section wpb_row height_large\"><div class=\"l-section-h i-cf\"><div class=\"g-cols vc_row via_grid cols_2 laptops-cols_inherit tablets-cols_inherit mobiles-cols_1 valign_middle type_default stacking_default\" style=\"--gap:40px;\"><div class=\"wpb_column vc_column_container us_custom_3fa2742b us_animate_this\"><div class=\"vc_column-inner\"><div class=\"w-image us_custom_213e151c align_none\"><div class=\"w-image-h\"><img loading=\"lazy\" decoding=\"async\" width=\"1040\" height=\"871\" src=\"https:\/\/inova.ee\/wp-content\/uploads\/2022\/08\/Raamatupidamine-Soomes.png\" class=\"attachment-full size-full\" alt=\"\" srcset=\"https:\/\/inova.ee\/wp-content\/uploads\/2022\/08\/Raamatupidamine-Soomes.png 1040w, https:\/\/inova.ee\/wp-content\/uploads\/2022\/08\/Raamatupidamine-Soomes-300x251.png 300w, https:\/\/inova.ee\/wp-content\/uploads\/2022\/08\/Raamatupidamine-Soomes-1024x858.png 1024w\" sizes=\"auto, (max-width: 1040px) 100vw, 1040px\" \/><\/div><\/div><\/div><\/div><div class=\"wpb_column vc_column_container us_custom_4fcab78b us_animate_this\"><div class=\"vc_column-inner\"><h2 class=\"w-text us_custom_87985005 has_text_color\"><span class=\"w-text-h\"><span class=\"w-text-value\">Konsultointi Suomen toimintaan liittyviss\u00e4 asioissa<\/span><\/span><\/h2><div class=\"w-separator size_small\"><\/div><div class=\"wpb_text_column us_custom_73619303 licolor\"><div class=\"wpb_wrapper\"><ul>\n<li>Yrityksen perustaminen<\/li>\n<li>Virtuaalitoimisto<\/li>\n<li>Rekister\u00f6innit yritykselle<\/li>\n<li>P\u00e4ivitt\u00e4inen kirjanpito<\/li>\n<li>Palkanlaskenta<\/li>\n<li>Arvonlis\u00e4veroilmoitukset<\/li>\n<li>Veroilmoitukset<\/li>\n<li>Tilinp\u00e4\u00e4t\u00f6s<\/li>\n<\/ul>\n<\/div><\/div><\/div><\/div><\/div><\/div><\/section>\n","protected":false},"excerpt":{"rendered":"Kirjanpitopalvelut SuomessaKonsultointi Suomen toimintaan liittyviss\u00e4 asioissa Yrityksen perustaminen Virtuaalitoimisto Rekister\u00f6innit yritykselle P\u00e4ivitt\u00e4inen kirjanpito Palkanlaskenta Arvonlis\u00e4veroilmoitukset Veroilmoitukset Tilinp\u00e4\u00e4t\u00f6s","protected":false},"author":1,"featured_media":0,"parent":0,"menu_order":0,"comment_status":"closed","ping_status":"closed","template":"","meta":{"footnotes":""},"class_list":["post-1363","page","type-page","status-publish","hentry"],"yoast_head":"<!-- This site is optimized with the Yoast SEO plugin v23.9 - https:\/\/yoast.com\/wordpress\/plugins\/seo\/ -->\n<title>Kirjanpitopalvelut Suomessa - Inova<\/title>\n<meta name=\"robots\" content=\"index, follow, max-snippet:-1, max-image-preview:large, max-video-preview:-1\" \/>\n<link rel=\"canonical\" href=\"https:\/\/inova.ee\/fi\/kirjanpitopalvelut-suomessa\/\" \/>\n<meta property=\"og:locale\" content=\"fi_FI\" \/>\n<meta property=\"og:type\" content=\"article\" \/>\n<meta property=\"og:title\" content=\"Kirjanpitopalvelut Suomessa - Inova\" \/>\n<meta property=\"og:url\" content=\"https:\/\/inova.ee\/fi\/kirjanpitopalvelut-suomessa\/\" \/>\n<meta property=\"og:site_name\" content=\"Inova\" \/>\n<meta property=\"article:publisher\" content=\"https:\/\/www.facebook.com\/inova.ee\/\" \/>\n<meta property=\"article:modified_time\" content=\"2023-05-19T09:43:27+00:00\" \/>\n<meta name=\"twitter:card\" content=\"summary_large_image\" \/>\n<meta name=\"twitter:label1\" content=\"Arvioitu lukuaika\" \/>\n\t<meta name=\"twitter:data1\" content=\"1 minuutti\" \/>\n<script type=\"application\/ld+json\" class=\"yoast-schema-graph\">{\"@context\":\"https:\/\/schema.org\",\"@graph\":[{\"@type\":\"WebPage\",\"@id\":\"https:\/\/inova.ee\/fi\/kirjanpitopalvelut-suomessa\/\",\"url\":\"https:\/\/inova.ee\/fi\/kirjanpitopalvelut-suomessa\/\",\"name\":\"Kirjanpitopalvelut Suomessa - Inova\",\"isPartOf\":{\"@id\":\"https:\/\/inova.ee\/#website\"},\"datePublished\":\"2022-08-20T06:47:13+00:00\",\"dateModified\":\"2023-05-19T09:43:27+00:00\",\"breadcrumb\":{\"@id\":\"https:\/\/inova.ee\/fi\/kirjanpitopalvelut-suomessa\/#breadcrumb\"},\"inLanguage\":\"fi\",\"potentialAction\":[{\"@type\":\"ReadAction\",\"target\":[\"https:\/\/inova.ee\/fi\/kirjanpitopalvelut-suomessa\/\"]}]},{\"@type\":\"BreadcrumbList\",\"@id\":\"https:\/\/inova.ee\/fi\/kirjanpitopalvelut-suomessa\/#breadcrumb\",\"itemListElement\":[{\"@type\":\"ListItem\",\"position\":1,\"name\":\"Home\",\"item\":\"https:\/\/inova.ee\/fi\/\"},{\"@type\":\"ListItem\",\"position\":2,\"name\":\"Kirjanpitopalvelut Suomessa\"}]},{\"@type\":\"WebSite\",\"@id\":\"https:\/\/inova.ee\/#website\",\"url\":\"https:\/\/inova.ee\/\",\"name\":\"Inova\",\"description\":\"\",\"publisher\":{\"@id\":\"https:\/\/inova.ee\/#organization\"},\"potentialAction\":[{\"@type\":\"SearchAction\",\"target\":{\"@type\":\"EntryPoint\",\"urlTemplate\":\"https:\/\/inova.ee\/?s={search_term_string}\"},\"query-input\":{\"@type\":\"PropertyValueSpecification\",\"valueRequired\":true,\"valueName\":\"search_term_string\"}}],\"inLanguage\":\"fi\"},{\"@type\":\"Organization\",\"@id\":\"https:\/\/inova.ee\/#organization\",\"name\":\"INOVA EESTI O\u00dc\",\"url\":\"https:\/\/inova.ee\/\",\"logo\":{\"@type\":\"ImageObject\",\"inLanguage\":\"fi\",\"@id\":\"https:\/\/inova.ee\/#\/schema\/logo\/image\/\",\"url\":\"https:\/\/inova.ee\/wp-content\/uploads\/2022\/08\/inova.svg\",\"contentUrl\":\"https:\/\/inova.ee\/wp-content\/uploads\/2022\/08\/inova.svg\",\"width\":\"1024\",\"height\":\"1024\",\"caption\":\"INOVA EESTI O\u00dc\"},\"image\":{\"@id\":\"https:\/\/inova.ee\/#\/schema\/logo\/image\/\"},\"sameAs\":[\"https:\/\/www.facebook.com\/inova.ee\/\"]}]}<\/script>\n<!-- \/ Yoast SEO plugin. -->","yoast_head_json":{"title":"Kirjanpitopalvelut Suomessa - Inova","robots":{"index":"index","follow":"follow","max-snippet":"max-snippet:-1","max-image-preview":"max-image-preview:large","max-video-preview":"max-video-preview:-1"},"canonical":"https:\/\/inova.ee\/fi\/kirjanpitopalvelut-suomessa\/","og_locale":"fi_FI","og_type":"article","og_title":"Kirjanpitopalvelut Suomessa - Inova","og_url":"https:\/\/inova.ee\/fi\/kirjanpitopalvelut-suomessa\/","og_site_name":"Inova","article_publisher":"https:\/\/www.facebook.com\/inova.ee\/","article_modified_time":"2023-05-19T09:43:27+00:00","twitter_card":"summary_large_image","twitter_misc":{"Arvioitu lukuaika":"1 minuutti"},"schema":{"@context":"https:\/\/schema.org","@graph":[{"@type":"WebPage","@id":"https:\/\/inova.ee\/fi\/kirjanpitopalvelut-suomessa\/","url":"https:\/\/inova.ee\/fi\/kirjanpitopalvelut-suomessa\/","name":"Kirjanpitopalvelut Suomessa - Inova","isPartOf":{"@id":"https:\/\/inova.ee\/#website"},"datePublished":"2022-08-20T06:47:13+00:00","dateModified":"2023-05-19T09:43:27+00:00","breadcrumb":{"@id":"https:\/\/inova.ee\/fi\/kirjanpitopalvelut-suomessa\/#breadcrumb"},"inLanguage":"fi","potentialAction":[{"@type":"ReadAction","target":["https:\/\/inova.ee\/fi\/kirjanpitopalvelut-suomessa\/"]}]},{"@type":"BreadcrumbList","@id":"https:\/\/inova.ee\/fi\/kirjanpitopalvelut-suomessa\/#breadcrumb","itemListElement":[{"@type":"ListItem","position":1,"name":"Home","item":"https:\/\/inova.ee\/fi\/"},{"@type":"ListItem","position":2,"name":"Kirjanpitopalvelut Suomessa"}]},{"@type":"WebSite","@id":"https:\/\/inova.ee\/#website","url":"https:\/\/inova.ee\/","name":"Inova","description":"","publisher":{"@id":"https:\/\/inova.ee\/#organization"},"potentialAction":[{"@type":"SearchAction","target":{"@type":"EntryPoint","urlTemplate":"https:\/\/inova.ee\/?s={search_term_string}"},"query-input":{"@type":"PropertyValueSpecification","valueRequired":true,"valueName":"search_term_string"}}],"inLanguage":"fi"},{"@type":"Organization","@id":"https:\/\/inova.ee\/#organization","name":"INOVA EESTI O\u00dc","url":"https:\/\/inova.ee\/","logo":{"@type":"ImageObject","inLanguage":"fi","@id":"https:\/\/inova.ee\/#\/schema\/logo\/image\/","url":"https:\/\/inova.ee\/wp-content\/uploads\/2022\/08\/inova.svg","contentUrl":"https:\/\/inova.ee\/wp-content\/uploads\/2022\/08\/inova.svg","width":"1024","height":"1024","caption":"INOVA EESTI O\u00dc"},"image":{"@id":"https:\/\/inova.ee\/#\/schema\/logo\/image\/"},"sameAs":["https:\/\/www.facebook.com\/inova.ee\/"]}]}},"_links":{"self":[{"href":"https:\/\/inova.ee\/fi\/wp-json\/wp\/v2\/pages\/1363","targetHints":{"allow":["GET"]}}],"collection":[{"href":"https:\/\/inova.ee\/fi\/wp-json\/wp\/v2\/pages"}],"about":[{"href":"https:\/\/inova.ee\/fi\/wp-json\/wp\/v2\/types\/page"}],"author":[{"embeddable":true,"href":"https:\/\/inova.ee\/fi\/wp-json\/wp\/v2\/users\/1"}],"replies":[{"embeddable":true,"href":"https:\/\/inova.ee\/fi\/wp-json\/wp\/v2\/comments?post=1363"}],"version-history":[{"count":3,"href":"https:\/\/inova.ee\/fi\/wp-json\/wp\/v2\/pages\/1363\/revisions"}],"predecessor-version":[{"id":1366,"href":"https:\/\/inova.ee\/fi\/wp-json\/wp\/v2\/pages\/1363\/revisions\/1366"}],"wp:attachment":[{"href":"https:\/\/inova.ee\/fi\/wp-json\/wp\/v2\/media?parent=1363"}],"curies":[{"name":"wp","href":"https:\/\/api.w.org\/{rel}","templated":true}]}}