{"id":1315,"date":"2022-08-20T08:37:19","date_gmt":"2022-08-20T08:37:19","guid":{"rendered":"https:\/\/inova.ee\/raamatupidamine-eestis\/"},"modified":"2023-05-19T08:50:18","modified_gmt":"2023-05-19T08:50:18","slug":"buhgalterskij-uchet-v-estonii","status":"publish","type":"page","link":"https:\/\/inova.ee\/ru\/buhgalterskij-uchet-v-estonii\/","title":{"rendered":"\u0411\u0443\u0445\u0433\u0430\u043b\u0442\u0435\u0440\u0441\u043a\u0438\u0439 \u0443\u0447\u0435\u0442 \u0432 \u042d\u0441\u0442\u043e\u043d\u0438\u0438"},"content":{"rendered":"<section class=\"l-section wpb_row height_custom with_img\"><div class=\"l-section-img\" role=\"img\" data-img-width=\"2048\" data-img-height=\"1137\" style=\"background-image: url(https:\/\/inova.ee\/wp-content\/uploads\/2022\/08\/Raamatupidamine-Eestis.jpg);background-position: top center;background-repeat: no-repeat;\"><\/div><div class=\"l-section-overlay\" style=\"background:rgba(177,137,211,0.60)\"><\/div><div class=\"l-section-h i-cf\"><div class=\"g-cols vc_row via_grid cols_1 laptops-cols_inherit tablets-cols_inherit mobiles-cols_1 valign_top type_default stacking_default\" style=\"--gap:0px;\"><div class=\"wpb_column vc_column_container\"><div class=\"vc_column-inner\"><h1 class=\"w-text us_custom_6a3540a5 has_text_color us_animate_this\"><span class=\"w-text-h\"><span class=\"w-text-value\">\u0411\u0443\u0445\u0433\u0430\u043b\u0442\u0435\u0440\u0441\u043a\u0438\u0439 \u0443\u0447\u0435\u0442 \u0432 \u042d\u0441\u0442\u043e\u043d\u0438\u0438<\/span><\/span><\/h1><\/div><\/div><\/div><\/div><\/section><section class=\"l-section wpb_row height_medium\"><div class=\"l-section-h i-cf\"><div class=\"g-cols vc_row via_grid cols_4 laptops-cols_inherit tablets-cols_inherit mobiles-cols_1 valign_top type_default stacking_default\"><div class=\"wpb_column vc_column_container us_custom_6eef1e9e us_animate_this\"><div class=\"vc_column-inner\"><div class=\"w-iconbox us_custom_a633a40c iconpos_top style_default color_primary align_center no_title\"><div class=\"w-iconbox-icon\" style=\"font-size:2.5rem;\"><i class=\"fas fa-shield-check\"><\/i><\/div><div class=\"w-iconbox-meta\"><div class=\"w-iconbox-text\"><div style=\"padding-top: 15px;\">FIE<\/div>\n<\/div><\/div><\/div><\/div><\/div><div class=\"wpb_column vc_column_container us_custom_1fb8b2dc us_animate_this\"><div class=\"vc_column-inner\"><div class=\"w-iconbox us_custom_a633a40c iconpos_top style_default color_primary align_center no_title\"><div class=\"w-iconbox-icon\" style=\"font-size:2.5rem;\"><i class=\"fas fa-shield-check\"><\/i><\/div><div class=\"w-iconbox-meta\"><div class=\"w-iconbox-text\"><div style=\"padding-top: 15px;\">OSA\u00dcHING<\/div>\n<\/div><\/div><\/div><\/div><\/div><div class=\"wpb_column vc_column_container us_custom_865ad4dd us_animate_this\"><div class=\"vc_column-inner\"><div class=\"w-iconbox us_custom_a633a40c iconpos_top style_default color_primary align_center no_title\"><div class=\"w-iconbox-icon\" style=\"font-size:2.5rem;\"><i class=\"fas fa-shield-check\"><\/i><\/div><div class=\"w-iconbox-meta\"><div class=\"w-iconbox-text\"><div style=\"padding-top: 15px;\">MT\u00dc<\/div>\n<\/div><\/div><\/div><\/div><\/div><div class=\"wpb_column vc_column_container us_custom_8c71efed us_animate_this\"><div class=\"vc_column-inner\"><div class=\"w-iconbox us_custom_a633a40c iconpos_top style_default color_primary align_center no_title\"><div class=\"w-iconbox-icon\" style=\"font-size:2.5rem;\"><i class=\"fas fa-shield-check\"><\/i><\/div><div class=\"w-iconbox-meta\"><div class=\"w-iconbox-text\"><div style=\"padding-top: 15px;\">KORTERI\u00dcHISTUD<\/div>\n<\/div><\/div><\/div><\/div><\/div><\/div><\/div><\/section><section class=\"l-section wpb_row us_custom_887a049b height_large\"><div class=\"l-section-h i-cf\"><div class=\"g-cols vc_row via_grid cols_2 laptops-cols_inherit tablets-cols_inherit mobiles-cols_1 valign_middle type_default stacking_default\" style=\"--gap:40px;\"><div class=\"wpb_column vc_column_container us_custom_3fa2742b us_animate_this\"><div class=\"vc_column-inner\"><div class=\"w-image us_custom_213e151c align_none\"><div class=\"w-image-h\"><img loading=\"lazy\" decoding=\"async\" width=\"1000\" height=\"847\" src=\"https:\/\/inova.ee\/wp-content\/uploads\/2022\/08\/Raamatupidamine-Eestis.png\" class=\"attachment-full size-full\" alt=\"\" srcset=\"https:\/\/inova.ee\/wp-content\/uploads\/2022\/08\/Raamatupidamine-Eestis.png 1000w, https:\/\/inova.ee\/wp-content\/uploads\/2022\/08\/Raamatupidamine-Eestis-300x254.png 300w\" sizes=\"auto, (max-width: 1000px) 100vw, 1000px\" \/><\/div><\/div><\/div><\/div><div class=\"wpb_column vc_column_container us_custom_4fcab78b us_animate_this\"><div class=\"vc_column-inner\"><h2 class=\"w-text us_custom_87985005 has_text_color\"><span class=\"w-text-h\"><span class=\"w-text-value\">\u041e\u0441\u0443\u0449\u0435\u0441\u0442\u0432\u043b\u044f\u0435\u043c \u0431\u0443\u0445\u0433\u0430\u043b\u0442\u0435\u0440\u0438\u044e \u0438\u0441\u0445\u043e\u0434\u044f \u0438\u0437 \u043f\u043e\u0442\u0440\u0435\u0431\u043d\u043e\u0441\u0442\u0435\u0439 \u0432\u0430\u0448\u0435\u0439 \u043a\u043e\u043c\u043f\u0430\u043d\u0438\u0438<\/span><\/span><\/h2><div class=\"w-separator size_small\"><\/div><div class=\"wpb_text_column us_custom_73619303 licolor\"><div class=\"wpb_wrapper\"><p>\u0411\u0443\u0445\u0433\u0430\u043b\u0442\u0435\u0440\u0441\u043a\u0438\u0439 \u0443\u0447\u0435\u0442 \u0432\u043a\u043b\u044e\u0447\u0430\u0435\u0442 \u0432 \u0441\u0435\u0431\u044f \u0435\u0436\u0435\u0434\u043d\u0435\u0432\u043d\u043e\u0435 \u0432\u0435\u0434\u0435\u043d\u0438\u0435 \u0431\u0443\u0445\u0433\u0430\u043b\u0442\u0435\u0440\u0441\u043a\u043e\u0433\u043e \u0443\u0447\u0435\u0442\u0430, \u0430 \u0442\u0430\u043a\u0436\u0435 \u043c\u043d\u043e\u0436\u0435\u0441\u0442\u0432\u043e \u0434\u0440\u0443\u0433\u0438\u0445 \u043d\u0435\u043e\u0431\u0445\u043e\u0434\u0438\u043c\u044b\u0445 \u0434\u0435\u0439\u0441\u0442\u0432\u0438\u0439, \u0442\u0430\u043a\u0438\u0445 \u043a\u0430\u043a \u043d\u0430\u0447\u0438\u0441\u043b\u0435\u043d\u0438\u0435 \u0437\u0430\u0440\u0430\u0431\u043e\u0442\u043d\u043e\u0439 \u043f\u043b\u0430\u0442\u044b, \u043a\u0430\u0434\u0440\u043e\u0432\u044b\u0439 \u0443\u0447\u0435\u0442, \u043d\u0430\u043b\u043e\u0433\u043e\u0432\u044b\u0439 \u0443\u0447\u0435\u0442, \u0443\u0447\u0435\u0442 \u043e\u0441\u043d\u043e\u0432\u043d\u043e\u0433\u043e \u0438\u043c\u0443\u0449\u0435\u0441\u0442\u0432\u0430, \u0433\u043e\u0434\u043e\u0432\u044b\u0435 \u043e\u0442\u0447\u0435\u0442\u044b \u0438 \u0442.\u0434.<br \/>\n\u200b<br \/>\n* <em>\u0415\u0436\u0435\u043c\u0435\u0441\u044f\u0447\u043d\u0430\u044f \u043e\u043f\u043b\u0430\u0442\u0430 \u043d\u0430\u0447\u0438\u043d\u0430\u044f \u0441 250 \u0435\u0432\u0440\u043e \u0438 \u0437\u0430\u0432\u0438\u0441\u0438\u0442 \u043e\u0442 \u043e\u0431\u044a\u0435\u043c\u0430 \u0440\u0430\u0431\u043e\u0442\u044b \u0438 \u043e\u0442 \u0441\u0440\u043e\u043a\u043e\u0432 \u0432\u044b\u043f\u043e\u043b\u043d\u0435\u043d\u0438\u044f \u0440\u0430\u0431\u043e\u0442.<\/em><\/p>\n<\/div><\/div><\/div><\/div><\/div><\/div><\/section><section class=\"l-section wpb_row us_custom_887a049b height_medium\"><div class=\"l-section-h i-cf\"><div class=\"g-cols vc_row via_grid cols_4 laptops-cols_inherit tablets-cols_inherit mobiles-cols_1 valign_top type_default stacking_default\"><div class=\"wpb_column vc_column_container us_custom_6eef1e9e us_animate_this\"><div class=\"vc_column-inner\"><h3 class=\"w-text us_custom_87985005 has_text_color\"><span class=\"w-text-h\"><span class=\"w-text-value\">\u0411\u0443\u0445\u0433\u0430\u043b\u0442\u0435\u0440\u0438\u044f<\/span><\/span><\/h3><div class=\"w-separator size_custom\" style=\"height:10px\"><\/div><div class=\"wpb_text_column licolor\"><div class=\"wpb_wrapper\"><ul>\n<li>\u041e\u0431\u0440\u0430\u0431\u043e\u0442\u043a\u0430 \u043f\u0435\u0440\u0432\u0438\u0447\u043d\u044b\u0445 \u0434\u043e\u043a\u0443\u043c\u0435\u043d\u0442\u043e\u0432<\/li>\n<li>\u0421\u043e\u0441\u0442\u0430\u0432\u043b\u0435\u043d\u0438\u0435 \u0441\u0447\u0435\u0442\u043e\u0432 \u043f\u0440\u043e\u0434\u0430\u0436\u0438<\/li>\n<li>\u0443\u0447\u0435\u0442 \u0441\u0447\u0435\u0442\u043e\u0432 \u043f\u043e\u043a\u0443\u043f\u043e\u043a<\/li>\n<li>\u041f\u043e\u0434\u0433\u043e\u0442\u043e\u0432\u043a\u0430 \u0433\u043b\u0430\u0432\u043d\u043e\u0439 \u0431\u0443\u0445\u0433\u0430\u043b\u0442\u0435\u0440\u0441\u043a\u043e\u0439 \u043a\u043d\u0438\u0433\u0438<\/li>\n<li>\u041f\u043e\u0434\u0430\u0447\u0430 \u0434\u0435\u043a\u043b\u0430\u0440\u0430\u0446\u0438\u0439<\/li>\n<li>\u0421\u043e\u0441\u0442\u0430\u0432\u043b\u0435\u043d\u0438\u0435 \u0431\u0430\u043b\u0430\u043d\u0441\u0430 \u0438 \u043e\u0442\u0447\u0435\u0442\u0430 \u043e \u043f\u0440\u0438\u0431\u044b\u043b\u044f\u0445 \u0438 \u0443\u0431\u044b\u0442\u043a\u0430\u0445<\/li>\n<\/ul>\n<\/div><\/div><\/div><\/div><div class=\"wpb_column vc_column_container us_custom_1fb8b2dc us_animate_this\"><div class=\"vc_column-inner\"><h3 class=\"w-text us_custom_87985005 has_text_color\"><span class=\"w-text-h\"><span class=\"w-text-value\">\u041d\u0430\u0447\u0438\u0441\u043b\u0435\u043d\u0438\u0435 \u0437\u0430\u0440\u0430\u0431\u043e\u0442\u043d\u043e\u0439 \u043f\u043b\u0430\u0442\u044b<\/span><\/span><\/h3><div class=\"w-separator size_custom\" style=\"height:10px\"><\/div><div class=\"wpb_text_column licolor\"><div class=\"wpb_wrapper\"><ul>\n<li>\u0420\u0435\u0433\u0438\u0441\u0442\u0440\u0430\u0446\u0438\u044f \u0441\u043e\u0442\u0440\u0443\u0434\u043d\u0438\u043a\u043e\u0432<\/li>\n<li>\u041e\u0444\u043e\u0440\u043c\u043b\u0435\u043d\u0438\u0435 \u0442\u0440\u0443\u0434\u043e\u0432\u044b\u0445 \u0434\u043e\u0433\u043e\u0432\u043e\u0440\u043e\u0432<\/li>\n<li>\u0420\u0430\u0441\u0447\u0435\u0442 \u0437\u0430\u0440\u0430\u0431\u043e\u0442\u043d\u043e\u0439 \u043f\u043b\u0430\u0442\u044b \u0438 \u043d\u0430\u043b\u043e\u0433\u043e\u0432<\/li>\n<li>\u0421\u043e\u0441\u0442\u0430\u0432\u043b\u0435\u043d\u0438\u0435 \u0433\u0440\u0430\u0444\u0438\u043a\u043e\u0432 \u043e\u0442\u043f\u0443\u0441\u043a\u043e\u0432 \u0438 \u043a\u043e\u043c\u0430\u043d\u0434\u0438\u0440\u043e\u0432\u043e\u043a<\/li>\n<li>\u0420\u0430\u0441\u0447\u0435\u0442 \u043e\u0442\u043f\u0443\u0441\u043a\u043d\u044b\u0445 \u0438 \u043a\u043e\u043c\u0430\u043d\u0434\u0438\u0440\u043e\u0432\u043e\u0447\u043d\u044b\u0445 \u043f\u043e\u0441\u043e\u0431\u0438\u0439<\/li>\n<li>\u0417\u0430\u043f\u043e\u043b\u043d\u0435\u043d\u0438\u0435 \u043b\u0438\u0441\u0442\u043a\u043e\u0432 \u043d\u0435\u0442\u0440\u0443\u0434\u043e\u0441\u043f\u043e\u0441\u043e\u0431\u043d\u043e\u0441\u0442\u0438<\/li>\n<\/ul>\n<\/div><\/div><\/div><\/div><div class=\"wpb_column vc_column_container us_custom_865ad4dd us_animate_this\"><div class=\"vc_column-inner\"><h3 class=\"w-text us_custom_87985005 has_text_color\"><span class=\"w-text-h\"><span class=\"w-text-value\">\u0423\u0447\u0435\u0442 \u043e\u0441\u043d\u043e\u0432\u043d\u043e\u0433\u043e \u0438\u043c\u0443\u0449\u0435\u0441\u0442\u0432\u0430 \u0438 \u0441\u043a\u043b\u0430\u0434\u0441\u043a\u0438\u0445 \u0437\u0430\u043f\u0430\u0441\u043e\u0432<\/span><\/span><\/h3><div class=\"w-separator size_custom\" style=\"height:10px\"><\/div><div class=\"wpb_text_column licolor\"><div class=\"wpb_wrapper\"><ul>\n<li>\u041e\u0441\u043d\u043e\u0432\u043d\u044b\u0435 \u0438\u043c\u0443\u0449\u0435\u0441\u0442\u0432\u0430<\/li>\n<li>\u0410\u043c\u043e\u0440\u0442\u0438\u0437\u0430\u0446\u0438\u044f<\/li>\n<li>\u0421\u043a\u043b\u0430\u0434\u0441\u043a\u0438\u0435 \u0437\u0430\u043f\u0430\u0441\u044b<\/li>\n<li>\u0421\u043f\u0438\u0441\u0430\u043d\u0438\u0435 \u0441,\u043a\u043b\u0430\u0434\u0441\u043a\u0438\u0445 \u0437\u0430\u043f\u0430\u0441\u043e\u0432<\/li>\n<li>\u0418\u043d\u0432\u0435\u043d\u0442\u0430\u0440\u0438\u0437\u0430\u0446\u0438\u044f \u0437\u0430\u043f\u0430\u0441\u043e\u0432<\/li>\n<\/ul>\n<\/div><\/div><\/div><\/div><div class=\"wpb_column vc_column_container us_custom_8c71efed us_animate_this\"><div class=\"vc_column-inner\"><h3 class=\"w-text us_custom_87985005 has_text_color\"><span class=\"w-text-h\"><span class=\"w-text-value\">\u041f\u043e\u0434\u0433\u043e\u0442\u043e\u0432\u043a\u0430 \u043e\u0442\u0447\u0435\u0442\u0430 \u0437\u0430 \u0444\u0438\u043d\u0430\u043d\u0441\u043e\u0432\u044b\u0439 \u0433\u043e\u0434<\/span><\/span><\/h3><div class=\"w-separator size_custom\" style=\"height:10px\"><\/div><div class=\"wpb_text_column licolor\"><div class=\"wpb_wrapper\"><ul>\n<li>\u041c\u044b \u043f\u0440\u0435\u0434\u043b\u0430\u0433\u0430\u0435\u043c \u043a\u0430\u043a \u0441\u0443\u0449\u0435\u0441\u0442\u0432\u0443\u044e\u0449\u0438\u043c, \u0442\u0430\u043a \u0438 \u043d\u043e\u0432\u044b\u043c \u043a\u043b\u0438\u0435\u043d\u0442\u0430\u043c \u043a\u0430\u043a \u043e\u0442\u0434\u0435\u043b\u044c\u043d\u0443\u044e \u0443\u0441\u043b\u0443\u0433\u0443.<\/li>\n<li>\u041e\u0442\u0447\u0435\u0442 \u0437\u0430 \u0444\u0438\u043d\u0430\u043d\u0441\u043e\u0432\u044b\u0439 \u0433\u043e\u0434 \u0434\u043e\u043b\u0436\u0435\u043d \u0431\u044b\u0442\u044c \u043f\u0440\u0435\u0434\u0441\u0442\u0430\u0432\u043b\u0435\u043d \u0432 \u044d\u043b\u0435\u043a\u0442\u0440\u043e\u043d\u043d\u043e\u043c \u0432\u0438\u0434\u0435 \u0432 \u043a\u043e\u043c\u043c\u0435\u0440\u0447\u0435\u0441\u043a\u0438\u0439 \u0440\u0435\u0433\u0438\u0441\u0442\u0440 \u0432 \u0442\u0435\u0447\u0435\u043d\u0438\u0435 6 \u043c\u0435\u0441\u044f\u0446\u0435\u0432 \u043f\u043e\u0441\u043b\u0435 \u043e\u043a\u043e\u043d\u0447\u0430\u043d\u0438\u044f \u0444\u0438\u043d\u0430\u043d\u0441\u043e\u0432\u043e\u0433\u043e \u0433\u043e\u0434\u0430.<\/li>\n<\/ul>\n<\/div><\/div><\/div><\/div><\/div><\/div><\/section>\n","protected":false},"excerpt":{"rendered":"\u0411\u0443\u0445\u0433\u0430\u043b\u0442\u0435\u0440\u0441\u043a\u0438\u0439 \u0443\u0447\u0435\u0442 \u0432 \u042d\u0441\u0442\u043e\u043d\u0438\u0438FIE OSA\u00dcHING MT\u00dc KORTERI\u00dcHISTUD \u041e\u0441\u0443\u0449\u0435\u0441\u0442\u0432\u043b\u044f\u0435\u043c \u0431\u0443\u0445\u0433\u0430\u043b\u0442\u0435\u0440\u0438\u044e \u0438\u0441\u0445\u043e\u0434\u044f \u0438\u0437 \u043f\u043e\u0442\u0440\u0435\u0431\u043d\u043e\u0441\u0442\u0435\u0439 \u0432\u0430\u0448\u0435\u0439 \u043a\u043e\u043c\u043f\u0430\u043d\u0438\u0438\u0411\u0443\u0445\u0433\u0430\u043b\u0442\u0435\u0440\u0441\u043a\u0438\u0439 \u0443\u0447\u0435\u0442 \u0432\u043a\u043b\u044e\u0447\u0430\u0435\u0442 \u0432 \u0441\u0435\u0431\u044f \u0435\u0436\u0435\u0434\u043d\u0435\u0432\u043d\u043e\u0435 \u0432\u0435\u0434\u0435\u043d\u0438\u0435 \u0431\u0443\u0445\u0433\u0430\u043b\u0442\u0435\u0440\u0441\u043a\u043e\u0433\u043e \u0443\u0447\u0435\u0442\u0430, \u0430 \u0442\u0430\u043a\u0436\u0435 \u043c\u043d\u043e\u0436\u0435\u0441\u0442\u0432\u043e \u0434\u0440\u0443\u0433\u0438\u0445 \u043d\u0435\u043e\u0431\u0445\u043e\u0434\u0438\u043c\u044b\u0445 \u0434\u0435\u0439\u0441\u0442\u0432\u0438\u0439, \u0442\u0430\u043a\u0438\u0445 \u043a\u0430\u043a \u043d\u0430\u0447\u0438\u0441\u043b\u0435\u043d\u0438\u0435 \u0437\u0430\u0440\u0430\u0431\u043e\u0442\u043d\u043e\u0439 \u043f\u043b\u0430\u0442\u044b, \u043a\u0430\u0434\u0440\u043e\u0432\u044b\u0439 \u0443\u0447\u0435\u0442, \u043d\u0430\u043b\u043e\u0433\u043e\u0432\u044b\u0439 \u0443\u0447\u0435\u0442, \u0443\u0447\u0435\u0442 \u043e\u0441\u043d\u043e\u0432\u043d\u043e\u0433\u043e \u0438\u043c\u0443\u0449\u0435\u0441\u0442\u0432\u0430, \u0433\u043e\u0434\u043e\u0432\u044b\u0435 \u043e\u0442\u0447\u0435\u0442\u044b \u0438 \u0442.\u0434. \u200b * \u0415\u0436\u0435\u043c\u0435\u0441\u044f\u0447\u043d\u0430\u044f \u043e\u043f\u043b\u0430\u0442\u0430 \u043d\u0430\u0447\u0438\u043d\u0430\u044f \u0441 250 \u0435\u0432\u0440\u043e \u0438 \u0437\u0430\u0432\u0438\u0441\u0438\u0442 \u043e\u0442...","protected":false},"author":1,"featured_media":0,"parent":0,"menu_order":0,"comment_status":"closed","ping_status":"closed","template":"","meta":{"footnotes":""},"class_list":["post-1315","page","type-page","status-publish","hentry"],"yoast_head":"<!-- This site is optimized with the Yoast SEO plugin v23.9 - https:\/\/yoast.com\/wordpress\/plugins\/seo\/ -->\n<title>\u0411\u0443\u0445\u0433\u0430\u043b\u0442\u0435\u0440\u0441\u043a\u0438\u0439 \u0443\u0447\u0435\u0442 \u0432 \u042d\u0441\u0442\u043e\u043d\u0438\u0438 - Inova<\/title>\n<meta name=\"robots\" content=\"index, follow, max-snippet:-1, max-image-preview:large, max-video-preview:-1\" \/>\n<link rel=\"canonical\" href=\"https:\/\/inova.ee\/ru\/buhgalterskij-uchet-v-estonii\/\" \/>\n<meta property=\"og:locale\" content=\"ru_RU\" \/>\n<meta property=\"og:type\" content=\"article\" \/>\n<meta property=\"og:title\" content=\"\u0411\u0443\u0445\u0433\u0430\u043b\u0442\u0435\u0440\u0441\u043a\u0438\u0439 \u0443\u0447\u0435\u0442 \u0432 \u042d\u0441\u0442\u043e\u043d\u0438\u0438 - Inova\" \/>\n<meta property=\"og:url\" content=\"https:\/\/inova.ee\/ru\/buhgalterskij-uchet-v-estonii\/\" \/>\n<meta property=\"og:site_name\" content=\"Inova\" \/>\n<meta property=\"article:publisher\" content=\"https:\/\/www.facebook.com\/inova.ee\/\" \/>\n<meta property=\"article:modified_time\" content=\"2023-05-19T08:50:18+00:00\" \/>\n<meta name=\"twitter:card\" content=\"summary_large_image\" \/>\n<meta name=\"twitter:label1\" content=\"\u041f\u0440\u0438\u043c\u0435\u0440\u043d\u043e\u0435 \u0432\u0440\u0435\u043c\u044f \u0434\u043b\u044f \u0447\u0442\u0435\u043d\u0438\u044f\" \/>\n\t<meta name=\"twitter:data1\" content=\"3 \u043c\u0438\u043d\u0443\u0442\u044b\" \/>\n<script type=\"application\/ld+json\" class=\"yoast-schema-graph\">{\"@context\":\"https:\/\/schema.org\",\"@graph\":[{\"@type\":\"WebPage\",\"@id\":\"https:\/\/inova.ee\/ru\/buhgalterskij-uchet-v-estonii\/\",\"url\":\"https:\/\/inova.ee\/ru\/buhgalterskij-uchet-v-estonii\/\",\"name\":\"\u0411\u0443\u0445\u0433\u0430\u043b\u0442\u0435\u0440\u0441\u043a\u0438\u0439 \u0443\u0447\u0435\u0442 \u0432 \u042d\u0441\u0442\u043e\u043d\u0438\u0438 - Inova\",\"isPartOf\":{\"@id\":\"https:\/\/inova.ee\/#website\"},\"datePublished\":\"2022-08-20T08:37:19+00:00\",\"dateModified\":\"2023-05-19T08:50:18+00:00\",\"breadcrumb\":{\"@id\":\"https:\/\/inova.ee\/ru\/buhgalterskij-uchet-v-estonii\/#breadcrumb\"},\"inLanguage\":\"ru-RU\",\"potentialAction\":[{\"@type\":\"ReadAction\",\"target\":[\"https:\/\/inova.ee\/ru\/buhgalterskij-uchet-v-estonii\/\"]}]},{\"@type\":\"BreadcrumbList\",\"@id\":\"https:\/\/inova.ee\/ru\/buhgalterskij-uchet-v-estonii\/#breadcrumb\",\"itemListElement\":[{\"@type\":\"ListItem\",\"position\":1,\"name\":\"Home\",\"item\":\"https:\/\/inova.ee\/ru\/\"},{\"@type\":\"ListItem\",\"position\":2,\"name\":\"\u0411\u0443\u0445\u0433\u0430\u043b\u0442\u0435\u0440\u0441\u043a\u0438\u0439 \u0443\u0447\u0435\u0442 \u0432 \u042d\u0441\u0442\u043e\u043d\u0438\u0438\"}]},{\"@type\":\"WebSite\",\"@id\":\"https:\/\/inova.ee\/#website\",\"url\":\"https:\/\/inova.ee\/\",\"name\":\"Inova\",\"description\":\"\",\"publisher\":{\"@id\":\"https:\/\/inova.ee\/#organization\"},\"potentialAction\":[{\"@type\":\"SearchAction\",\"target\":{\"@type\":\"EntryPoint\",\"urlTemplate\":\"https:\/\/inova.ee\/?s={search_term_string}\"},\"query-input\":{\"@type\":\"PropertyValueSpecification\",\"valueRequired\":true,\"valueName\":\"search_term_string\"}}],\"inLanguage\":\"ru-RU\"},{\"@type\":\"Organization\",\"@id\":\"https:\/\/inova.ee\/#organization\",\"name\":\"INOVA EESTI O\u00dc\",\"url\":\"https:\/\/inova.ee\/\",\"logo\":{\"@type\":\"ImageObject\",\"inLanguage\":\"ru-RU\",\"@id\":\"https:\/\/inova.ee\/#\/schema\/logo\/image\/\",\"url\":\"https:\/\/inova.ee\/wp-content\/uploads\/2022\/08\/inova.svg\",\"contentUrl\":\"https:\/\/inova.ee\/wp-content\/uploads\/2022\/08\/inova.svg\",\"width\":\"1024\",\"height\":\"1024\",\"caption\":\"INOVA EESTI O\u00dc\"},\"image\":{\"@id\":\"https:\/\/inova.ee\/#\/schema\/logo\/image\/\"},\"sameAs\":[\"https:\/\/www.facebook.com\/inova.ee\/\"]}]}<\/script>\n<!-- \/ Yoast SEO plugin. -->","yoast_head_json":{"title":"\u0411\u0443\u0445\u0433\u0430\u043b\u0442\u0435\u0440\u0441\u043a\u0438\u0439 \u0443\u0447\u0435\u0442 \u0432 \u042d\u0441\u0442\u043e\u043d\u0438\u0438 - Inova","robots":{"index":"index","follow":"follow","max-snippet":"max-snippet:-1","max-image-preview":"max-image-preview:large","max-video-preview":"max-video-preview:-1"},"canonical":"https:\/\/inova.ee\/ru\/buhgalterskij-uchet-v-estonii\/","og_locale":"ru_RU","og_type":"article","og_title":"\u0411\u0443\u0445\u0433\u0430\u043b\u0442\u0435\u0440\u0441\u043a\u0438\u0439 \u0443\u0447\u0435\u0442 \u0432 \u042d\u0441\u0442\u043e\u043d\u0438\u0438 - Inova","og_url":"https:\/\/inova.ee\/ru\/buhgalterskij-uchet-v-estonii\/","og_site_name":"Inova","article_publisher":"https:\/\/www.facebook.com\/inova.ee\/","article_modified_time":"2023-05-19T08:50:18+00:00","twitter_card":"summary_large_image","twitter_misc":{"\u041f\u0440\u0438\u043c\u0435\u0440\u043d\u043e\u0435 \u0432\u0440\u0435\u043c\u044f \u0434\u043b\u044f \u0447\u0442\u0435\u043d\u0438\u044f":"3 \u043c\u0438\u043d\u0443\u0442\u044b"},"schema":{"@context":"https:\/\/schema.org","@graph":[{"@type":"WebPage","@id":"https:\/\/inova.ee\/ru\/buhgalterskij-uchet-v-estonii\/","url":"https:\/\/inova.ee\/ru\/buhgalterskij-uchet-v-estonii\/","name":"\u0411\u0443\u0445\u0433\u0430\u043b\u0442\u0435\u0440\u0441\u043a\u0438\u0439 \u0443\u0447\u0435\u0442 \u0432 \u042d\u0441\u0442\u043e\u043d\u0438\u0438 - Inova","isPartOf":{"@id":"https:\/\/inova.ee\/#website"},"datePublished":"2022-08-20T08:37:19+00:00","dateModified":"2023-05-19T08:50:18+00:00","breadcrumb":{"@id":"https:\/\/inova.ee\/ru\/buhgalterskij-uchet-v-estonii\/#breadcrumb"},"inLanguage":"ru-RU","potentialAction":[{"@type":"ReadAction","target":["https:\/\/inova.ee\/ru\/buhgalterskij-uchet-v-estonii\/"]}]},{"@type":"BreadcrumbList","@id":"https:\/\/inova.ee\/ru\/buhgalterskij-uchet-v-estonii\/#breadcrumb","itemListElement":[{"@type":"ListItem","position":1,"name":"Home","item":"https:\/\/inova.ee\/ru\/"},{"@type":"ListItem","position":2,"name":"\u0411\u0443\u0445\u0433\u0430\u043b\u0442\u0435\u0440\u0441\u043a\u0438\u0439 \u0443\u0447\u0435\u0442 \u0432 \u042d\u0441\u0442\u043e\u043d\u0438\u0438"}]},{"@type":"WebSite","@id":"https:\/\/inova.ee\/#website","url":"https:\/\/inova.ee\/","name":"Inova","description":"","publisher":{"@id":"https:\/\/inova.ee\/#organization"},"potentialAction":[{"@type":"SearchAction","target":{"@type":"EntryPoint","urlTemplate":"https:\/\/inova.ee\/?s={search_term_string}"},"query-input":{"@type":"PropertyValueSpecification","valueRequired":true,"valueName":"search_term_string"}}],"inLanguage":"ru-RU"},{"@type":"Organization","@id":"https:\/\/inova.ee\/#organization","name":"INOVA EESTI O\u00dc","url":"https:\/\/inova.ee\/","logo":{"@type":"ImageObject","inLanguage":"ru-RU","@id":"https:\/\/inova.ee\/#\/schema\/logo\/image\/","url":"https:\/\/inova.ee\/wp-content\/uploads\/2022\/08\/inova.svg","contentUrl":"https:\/\/inova.ee\/wp-content\/uploads\/2022\/08\/inova.svg","width":"1024","height":"1024","caption":"INOVA EESTI O\u00dc"},"image":{"@id":"https:\/\/inova.ee\/#\/schema\/logo\/image\/"},"sameAs":["https:\/\/www.facebook.com\/inova.ee\/"]}]}},"_links":{"self":[{"href":"https:\/\/inova.ee\/ru\/wp-json\/wp\/v2\/pages\/1315","targetHints":{"allow":["GET"]}}],"collection":[{"href":"https:\/\/inova.ee\/ru\/wp-json\/wp\/v2\/pages"}],"about":[{"href":"https:\/\/inova.ee\/ru\/wp-json\/wp\/v2\/types\/page"}],"author":[{"embeddable":true,"href":"https:\/\/inova.ee\/ru\/wp-json\/wp\/v2\/users\/1"}],"replies":[{"embeddable":true,"href":"https:\/\/inova.ee\/ru\/wp-json\/wp\/v2\/comments?post=1315"}],"version-history":[{"count":3,"href":"https:\/\/inova.ee\/ru\/wp-json\/wp\/v2\/pages\/1315\/revisions"}],"predecessor-version":[{"id":1319,"href":"https:\/\/inova.ee\/ru\/wp-json\/wp\/v2\/pages\/1315\/revisions\/1319"}],"wp:attachment":[{"href":"https:\/\/inova.ee\/ru\/wp-json\/wp\/v2\/media?parent=1315"}],"curies":[{"name":"wp","href":"https:\/\/api.w.org\/{rel}","templated":true}]}}